{"id":940,"date":"2015-10-31T10:39:41","date_gmt":"2015-10-31T10:39:41","guid":{"rendered":"http:\/\/aep61-74.org\/?page_id=940"},"modified":"2021-09-24T10:43:58","modified_gmt":"2021-09-24T10:43:58","slug":"equipacontactos","status":"publish","type":"page","link":"https:\/\/aep61-74.org\/index.php\/equipacontactos\/","title":{"rendered":"Contatos"},"content":{"rendered":"<h3><span style=\"color: #bf3737;\">ASSOCIA\u00c7\u00c3O<\/span><\/h3>\n<p><strong>AEP61-74 Associa\u00e7\u00e3o de Exilados Pol\u00edticos Portugueses<\/strong><br \/>\n<strong><a href=\"mailto:saketnagar@gmail.com\" target=\"_blank\" rel=\"noopener noreferrer\">geral@aep61-74.org<\/a><\/strong><br \/>\n<b><strong>NIPC 513 742 140<\/strong><\/b><\/p>\n<div><strong>SEDE:<\/strong><b> P\u00f3lo de Telheiras da Casa da Cidadania<br \/>\n<\/b><\/div>\n<div><strong>Rua Professor Francisco Gentil n\u00ba 33, 1600-622 LISBOA<\/strong><\/div>\n<div>\n<p><strong>AEP61-74 N\u00facleo de Paris, Vasco Martins<\/strong> <a href=\"mailto:vasco.martins@laposte.net\" target=\"_blank\" rel=\"noopener noreferrer\">vasco.martins<wbr>@laposte.net<br \/>\n<\/a><strong>AEP61-74 N\u00facleo de Grenoble, Manuel Branco<\/strong> <a href=\"mailto:manuel.branco@wanadoo.fr\" target=\"_blank\" rel=\"noopener noreferrer\">manuel.branco<wbr>@wanadoo.fr<br \/>\n<\/a><strong>AEP61-74 N\u00facleo do Luxemburgo, Ant\u00f3nio Paiva&nbsp;<\/strong><a href=\"mailto:a.paiva@paiva.lu\" target=\"_blank\" rel=\"noopener noreferrer\"> a.paiva<wbr>@paiva.lu<\/a><\/p>\n<p><span class=\"highGT\">&nbsp;<\/span><\/p>\n<\/div>\n","protected":false},"excerpt":{"rendered":"<div class=\"mh-excerpt\"><p>ASSOCIA\u00c7\u00c3O AEP61-74 Associa\u00e7\u00e3o de Exilados Pol\u00edticos Portugueses geral@aep61-74.org NIPC 513 742 140 SEDE: P\u00f3lo de Telheiras da Casa da Cidadania Rua Professor Francisco Gentil n\u00ba 33, 1600-622 LISBOA AEP61-74 N\u00facleo de Paris, Vasco Martins vasco.martins@laposte.net <a class=\"mh-excerpt-more\" href=\"https:\/\/aep61-74.org\/index.php\/equipacontactos\/\" title=\"Contatos\">[&#8230;]<\/a><\/p>\n<\/div>","protected":false},"author":1,"featured_media":1757,"parent":0,"menu_order":3,"comment_status":"closed","ping_status":"closed","template":"","meta":{"footnotes":""},"class_list":["post-940","page","type-page","status-publish","has-post-thumbnail"],"_links":{"self":[{"href":"https:\/\/aep61-74.org\/index.php\/wp-json\/wp\/v2\/pages\/940","targetHints":{"allow":["GET"]}}],"collection":[{"href":"https:\/\/aep61-74.org\/index.php\/wp-json\/wp\/v2\/pages"}],"about":[{"href":"https:\/\/aep61-74.org\/index.php\/wp-json\/wp\/v2\/types\/page"}],"author":[{"embeddable":true,"href":"https:\/\/aep61-74.org\/index.php\/wp-json\/wp\/v2\/users\/1"}],"replies":[{"embeddable":true,"href":"https:\/\/aep61-74.org\/index.php\/wp-json\/wp\/v2\/comments?post=940"}],"version-history":[{"count":48,"href":"https:\/\/aep61-74.org\/index.php\/wp-json\/wp\/v2\/pages\/940\/revisions"}],"predecessor-version":[{"id":4109,"href":"https:\/\/aep61-74.org\/index.php\/wp-json\/wp\/v2\/pages\/940\/revisions\/4109"}],"wp:featuredmedia":[{"embeddable":true,"href":"https:\/\/aep61-74.org\/index.php\/wp-json\/wp\/v2\/media\/1757"}],"wp:attachment":[{"href":"https:\/\/aep61-74.org\/index.php\/wp-json\/wp\/v2\/media?parent=940"}],"curies":[{"name":"wp","href":"https:\/\/api.w.org\/{rel}","templated":true}]}}